{"id":360,"date":"2017-01-31T13:04:49","date_gmt":"2017-01-31T13:04:49","guid":{"rendered":"http:\/\/splash.stylemixthemes.com\/?page_id=360"},"modified":"2021-01-24T22:47:16","modified_gmt":"2021-01-24T21:47:16","slug":"history-of-club","status":"publish","type":"page","link":"https:\/\/sarmacjabedzin.pl\/index.php\/history-of-club\/","title":{"rendered":"Historia klubu"},"content":{"rendered":"<div class=\"wpb-content-wrapper\"><p>[vc_row css=&#8221;.vc_custom_1485944863191{padding-bottom: 22px !important;}&#8221;][vc_column width=&#8221;2\/3&#8243;][vc_column_text]<\/p>\n<h2><strong>BKS SARMACJA B\u0118DZIN<\/strong><\/h2>\n<h3><strong>Rok powstania:<\/strong><\/h3>\n<p>1917<\/p>\n<h3><strong>Adres:<\/strong><\/h3>\n<p>ul. Sportowa 6, 42-500 B\u0119dzin<\/p>\n<h3><strong>Telefon:<\/strong><\/h3>\n<p>(32) 267-62-55[\/vc_column_text][\/vc_column][vc_column width=&#8221;1\/3&#8243;][vc_column_text css=&#8221;.vc_custom_1599778980907{margin-bottom: 30px !important;}&#8221;]<\/p>\n<p style=\"text-align: center;\"><img loading=\"lazy\" decoding=\"async\" class=\"alignnone size-full wp-image-1653\" src=\"http:\/\/sarmacjabedzin.pl\/wp-content\/uploads\/2020\/09\/sarmacja-1.png\" alt=\"\" width=\"100\" height=\"106\" srcset=\"https:\/\/sarmacjabedzin.pl\/wp-content\/uploads\/2020\/09\/sarmacja-1.png 100w, https:\/\/sarmacjabedzin.pl\/wp-content\/uploads\/2020\/09\/sarmacja-1-30x32.png 30w, https:\/\/sarmacjabedzin.pl\/wp-content\/uploads\/2020\/09\/sarmacja-1-92x98.png 92w\" sizes=\"auto, (max-width: 100px) 100vw, 100px\" \/><\/p>\n<p>[\/vc_column_text][\/vc_column][\/vc_row][vc_row full_width=&#8221;stretch_row&#8221; css=&#8221;.vc_custom_1485949846235{margin-bottom: 0px !important;padding-top: 33px !important;background-color: #ededed !important;}&#8221;][vc_column][vc_tta_tabs active_section=&#8221;1&#8243; css=&#8221;.vc_custom_1486010668022{margin-bottom: 0px !important;padding-bottom: 0px !important;}&#8221;][vc_tta_section title=&#8221;1917-1939&#8243; tab_id=&#8221;1485866491653-8c7f759d-085a&#8221;][vc_row_inner css=&#8221;.vc_custom_1486010774946{padding-bottom: 0px !important;}&#8221;][vc_column_inner width=&#8221;1\/2&#8243; css=&#8221;.vc_custom_1485947610007{padding-right: 0px !important;}&#8221;][vc_column_text]<\/p>\n<h2 style=\"text-align: left;\"><strong>1917<\/strong><\/h2>\n<blockquote>\n<p>Powstanie Towarzystwa Sportowego TS \u201eSARMACJA\u201d B\u0119dzin.<\/p>\n<\/blockquote>\n<h2 style=\"text-align: left;\"><strong>1924<\/strong><\/h2>\n<blockquote>\n<p>Przyst\u0105pienie do PZPN (Krakowski Zwi\u0105zek Okr\u0119gowy Pi\u0142ki No\u017cnej).<\/p>\n<\/blockquote>\n<h2 style=\"text-align: left;\"><strong>1925<\/strong><\/h2>\n<blockquote>\n<p>Debiut Sarmacji w rozrywkach ligowych (klasa C podokr\u0119g Zag\u0142\u0119bie).<\/p>\n<\/blockquote>\n<h2 style=\"text-align: left;\"><strong>1927<\/strong><\/h2>\n<blockquote>\n<p>Wyst\u0105pienie z PZPN i przyst\u0105pienie do nowo-powsta\u0142ej Polskiej Ligi Pi\u0142ki No\u017cnej (PLPN).<\/p>\n<p>Udzia\u0142 w rozgrywkach I ligi Zag\u0142\u0119bia D\u0105browskiego.<\/p>\n<\/blockquote>\n<h2 style=\"text-align: left;\"><strong>1928<\/strong><\/h2>\n<blockquote>\n<p>Powr\u00f3t do zreformowanych struktur PZPN (Kielecki Zwi\u0105zek Okr\u0119gowy Pi\u0142ki No\u017cnej).<\/p>\n<p>Klasa A &#8211; Podokr\u0119g Zag\u0142\u0119bie.<\/p>\n<\/blockquote>\n<h2 style=\"text-align: left;\"><strong>1931<\/strong><\/h2>\n<blockquote>\n<p>Wygrane bara\u017ce o utrzymanie w A\u2013klasie ze \u015awitem Sosnowiec (1:1, 1:1, 2:1).<\/p>\n<\/blockquote>\n<h2 style=\"text-align: left;\"><strong>1932<\/strong><\/h2>\n<blockquote>\n<p>Mecze towarzyskie w Zakopanem (Wis\u0142a Zakopane 9:0, KS My\u015blenice 5:2).<\/p>\n<p>I Prezes i wsp\u00f3\u0142za\u0142o\u017cyciel \u201eSarmacji\u201d W\u0142adys\u0142aw Binkiewicz w uznaniu dotychczasowych zas\u0142ug odznaczony Honorow\u0105 Odznak\u0105 PZPN.<\/p>\n<\/blockquote>\n<h2 style=\"text-align: left;\"><strong>1933<\/strong><\/h2>\n<blockquote>\n<p>I miejsce w A\u2013klasie.<\/p>\n<p>Przegrany bara\u017c z Uni\u0105 Sosnowiec (1:3, 0:2) o mistrzostwo A\u2013klasy podokr\u0119gu Zag\u0142\u0119bie.<\/p>\n<\/blockquote>\n<h2 style=\"text-align: left;\"><strong>1934<\/strong><\/h2>\n<blockquote>\n<p>Rozpocz\u0119cie budowy nowego boiska przy ulicy Ma\u0142ob\u0105dzkiej w B\u0119dzinie.<\/p>\n<\/blockquote>\n<h2 style=\"text-align: left;\"><strong>1936\/1937<\/strong><\/h2>\n<blockquote>\n<p>III miejsce w A\u2013klasie podokr\u0119gu Zag\u0142\u0119bia. Prezes W\u0142adys\u0142aw Binkiewicz zostaje wiceprezesem nowo powsta\u0142ego Zag\u0142\u0119biowskiego ZOPN.<\/p>\n<\/blockquote>\n<h2 style=\"text-align: left;\"><strong>1937\/1938<\/strong><\/h2>\n<blockquote>\n<p>IV miejsce w nowo-powsta\u0142ej lidze okr\u0119gowej Zag\u0142\u0119biowskiego ZOPN.<\/p>\n<\/blockquote>\n<h2 style=\"text-align: left;\"><strong>1939<\/strong><\/h2>\n<blockquote>\n<p>W meczu reprezentacji Zag\u0142\u0119bia z reprezentacj\u0105 Polski barwy Sarmacji reprezentowa\u0142 Boles\u0142aw Cicho\u0144.<\/p>\n<\/blockquote>\n<p>[\/vc_column_text][\/vc_column_inner][vc_column_inner width=&#8221;1\/2&#8243;][vc_single_image image=&#8221;2494&#8243; img_size=&#8221;full&#8221; alignment=&#8221;right&#8221; style=&#8221;vc_box_shadow_3d&#8221; onclick=&#8221;zoom&#8221; css_animation=&#8221;slideInRight&#8221;][\/vc_column_inner][\/vc_row_inner][\/vc_tta_section][vc_tta_section title=&#8221;1945-1970&#8243; tab_id=&#8221;1485924975304-a01fd327-26d5&#8243;][vc_row_inner][vc_column_inner width=&#8221;1\/2&#8243;][vc_column_text]<\/p>\n<h2><strong>1945<\/strong><\/h2>\n<blockquote>\n<p>Reaktywacja Sarmacji pod nazw\u0105 RKS (Robotniczy Klub Sportowy) Sarmacja B\u0119dzin.<\/p>\n<\/blockquote>\n<h2><strong>1945\/1946<\/strong><\/h2>\n<blockquote>\n<p>Awans do A\u2013klasy.<\/p>\n<\/blockquote>\n<h2><strong>1946\/1947<\/strong><\/h2>\n<blockquote>\n<p>Mistrzostwo A\u2013klasy podokr\u0119gu Zag\u0142\u0119biowskiego. II Miejsce w eliminacjach do I ligi pa\u0144stwowej (Ruch Chorz\u00f3w, Sarmacja B\u0119dzin, Piast Gliwice, Victoria Wa\u0142brzych)<\/p>\n<\/blockquote>\n<h2><strong>1947\/1948<\/strong><\/h2>\n<blockquote>\n<p>Doj\u015bcie do fina\u0142u Zimowego Turnieju o Puchar Katowickiego &#8220;SPORTU\u201d.<\/p>\n<p>I miejsce w A-klasie wraz z Zag\u0142\u0119biem D\u0105browa G\u00f3rnicza.<\/p>\n<p>Przegrany bara\u017c o nowo-powsta\u0142\u0105 II lig\u0119 0:1.<\/p>\n<p>Po\u0142\u0105czenie z hutniczym klubem ZKSM i zmiana nazwy na ZKSM (Zak\u0142adowy Klub Sportowy Metalowc\u00f3w) Sarmacja B\u0119dzin.<\/p>\n<\/blockquote>\n<h2><strong>1949<\/strong><\/h2>\n<blockquote>\n<p>zmiana nazwy klubu na ZKS (Zwi\u0105zkowy Klub Sportowy) Stal B\u0119dzin.<\/p>\n<\/blockquote>\n<h2><strong>1952<\/strong><\/h2>\n<blockquote>\n<p>Spadek do B\u2013klasy. Zmiana nazwy na Stal-Huta B\u0119dzin.<\/p>\n<\/blockquote>\n<h2><strong>1954<\/strong><\/h2>\n<blockquote>\n<p>Awans do A\u2013klasy. Zdobycie Powiatowego Pucharu Polski.<\/p>\n<\/blockquote>\n<h2><strong>1955<\/strong><\/h2>\n<blockquote>\n<p>Powr\u00f3t do nazwy historycznej \u201eSARMACJA\u201d. Pe\u0142ne brzmienie to: Terenowe Ko\u0142o<\/p>\n<p>Sportowe Z S (Zrzeszenia Stal) Sarmacja przy BZWME w B\u0119dzinie.<\/p>\n<\/blockquote>\n<h2><strong>1957<\/strong><\/h2>\n<blockquote>\n<p>Reorganizacja rozgrywek i awans do III ligi Zag\u0142\u0119biowskiej po wygranych bara\u017cach z G\u00f3rnikiem Wojkowice ( 5:0, 1:3 2:0).<\/p>\n<\/blockquote>\n<h2><strong>1958<\/strong><\/h2>\n<blockquote>\n<p>Zmiana nazwy klubu na RKS (Robotniczy Klub Sportowy) Sarmacja B\u0119dzin.<\/p>\n<\/blockquote>\n<h2><strong>1959<\/strong><\/h2>\n<blockquote>\n<p>Spadek do A-klasy.<\/p>\n<\/blockquote>\n<h2><strong>1960<\/strong><\/h2>\n<blockquote>\n<p>Spadek do B-klasy<\/p>\n<\/blockquote>\n<h2><strong>1961<\/strong><\/h2>\n<blockquote>\n<p>Nieudana pr\u00f3ba likwidacji klubu przez Miejski Komitet Kultury Fizycznej i Turystyki w B\u0119dzinie.<\/p>\n<p>Zmiana nazwy na TKS (Terenowy Klub Sportowy) Sarmacja B\u0119dzin.<\/p>\n<\/blockquote>\n<h2><strong>1962\/1963<\/strong><\/h2>\n<blockquote>\n<p>Awans do A-klasy po dodatkowym spotkaniu z trzecim w tabeli G\u00f3rnikiem Klimont\u00f3w 3:1, a nast\u0119pnie bara\u017cami ze Zniczem K\u0142obuck 4:3 i W\u0142\u00f3kniarzem Zawiercie 7:1.<\/p>\n<\/blockquote>\n<h2><strong>1964\/1965<\/strong><\/h2>\n<blockquote>\n<p>Spadek do B-klasy<\/p>\n<\/blockquote>\n<h2><strong>1965\/1966<\/strong><\/h2>\n<blockquote>\n<p>Dosz\u0142o do po\u0142\u0105czenia &#8220;Sarmacji&#8221; i Hutniczego Klubu Sportowego (HKS) &#8220;Stal&#8221; B\u0119dzin. Powo\u0142anie nowego klubu wi\u0105za\u0142o si\u0119 ze zmian\u0105 nazwy na B\u0119dzi\u0144ski Klub Sportowy (BKS), a nast\u0119pnie BKS &#8220;Husar&#8221;. Nazwa ta by\u0142a po\u0142\u0105czeniem s\u0142\u00f3w &#8220;Huta&#8221; i \u00a0&#8220;Sarmacja&#8221;. Mimo braku awansu Sarmacji nowo-nazwany Husar zaj\u0105\u0142 miejsce\u00a0graj\u0105cej w A-klasie Stali.<\/p>\n<\/blockquote>\n<p>[\/vc_column_text][\/vc_column_inner][vc_column_inner width=&#8221;1\/2&#8243;][vc_single_image image=&#8221;2495&#8243; img_size=&#8221;full&#8221; style=&#8221;vc_box_shadow_3d&#8221; onclick=&#8221;zoom&#8221; css_animation=&#8221;slideInRight&#8221;][\/vc_column_inner][\/vc_row_inner][\/vc_tta_section][vc_tta_section title=&#8221;1970-1980&#8243; tab_id=&#8221;1485924974380-ff3e6c9d-5a78&#8243;][vc_row_inner][vc_column_inner width=&#8221;1\/2&#8243;][vc_column_text]<\/p>\n<h2><strong>1971\/1972 <\/strong><\/h2>\n<blockquote>\n<p>Awans do III ligi (okr\u0119gowej) pod wodz\u0105 trenera Tadeusza Ma\u015blaka.<\/p>\n<\/blockquote>\n<h2><strong>1973\/1974<\/strong><\/h2>\n<blockquote>\n<p>Spadek do klasy terenowej. Powr\u00f3t do historycznej nazwy BKS (B\u0119dzi\u0144ski Klub Sportowy) Sarmacja B\u0119dzin.<\/p>\n<\/blockquote>\n<h2><strong>1974\/1975<\/strong><\/h2>\n<blockquote>\n<p>Awans do klasy wojew\u00f3dzkiej po dodatkowym meczu ze Zgod\u0105 Bielszowice 1:0.<\/p>\n<p>Zdobycie Pucharu Polski podokr\u0119gu sosnowieckiego.<\/p>\n<p>Zmiana nazwy na MBKS (Mi\u0119dzyzak\u0142adowy B\u0119dzi\u0144ski Klub Sportowy) Sarmacja B\u0119dzin<\/p>\n<\/blockquote>\n<h2><strong>1976\/1977<\/strong><\/h2>\n<blockquote>\n<p>Awans do ligi mi\u0119dzywojew\u00f3dzkiej (III poziom rozgrywkowy).<\/p>\n<\/blockquote>\n<h2><strong>1977\/1978<\/strong><\/h2>\n<blockquote>\n<p>Spadek do klasy wojew\u00f3dzkiej.<\/p>\n<\/blockquote>\n<p>[\/vc_column_text][\/vc_column_inner][vc_column_inner width=&#8221;1\/2&#8243;][vc_single_image image=&#8221;2498&#8243; img_size=&#8221;full&#8221; style=&#8221;vc_box_shadow_3d&#8221; onclick=&#8221;zoom&#8221; css_animation=&#8221;slideInRight&#8221;][\/vc_column_inner][\/vc_row_inner][\/vc_tta_section][vc_tta_section title=&#8221;1980-2000&#8243; tab_id=&#8221;1485924973656-d311a5e1-72db&#8221;][vc_row_inner][vc_column_inner width=&#8221;1\/2&#8243;][vc_column_text]<\/p>\n<h2><strong>1981\/1982<\/strong><\/h2>\n<blockquote>\n<p>Spadek do klasy terenowej.<\/p>\n<\/blockquote>\n<h2><strong>1982\/1983<\/strong><\/h2>\n<blockquote>\n<p>Spadek do A-klasy.<\/p>\n<\/blockquote>\n<h2><strong>1983\/1984<\/strong><\/h2>\n<blockquote>\n<p>Awans do klasy terenowej.<\/p>\n<\/blockquote>\n<h2><strong>1986\/1987<\/strong><\/h2>\n<blockquote>\n<p>Spadek do A-klasy.<\/p>\n<\/blockquote>\n<h2><strong>1987\/1988<\/strong><\/h2>\n<blockquote>\n<p>Awans do klasy terenowej.<\/p>\n<p>Zdobycie Pucharu Polski podokr\u0119gu sosnowieckiego.<\/p>\n<\/blockquote>\n<h2><strong>1991\/1992<\/strong><\/h2>\n<blockquote>\n<p>W wyniku reorganizacji rozgrywek ligowych Sarmacj\u0119 przydzielono do ligi okr\u0119gowej.<\/p>\n<p>Zmiana nazwy na BKS (B\u0119dzi\u0144ski Klub Sportowy) Sarmacja B\u0119dzin.<\/p>\n<\/blockquote>\n<h2><strong>1992\/1993<\/strong><\/h2>\n<blockquote>\n<p>Zdobycie Pucharu Polski podokr\u0119gu sosnowieckiego.<\/p>\n<\/blockquote>\n<h2><strong>1996\/1997<\/strong><\/h2>\n<blockquote>\n<p>II miejsce w lidze okr\u0119gowej.<\/p>\n<\/blockquote>\n<p>[\/vc_column_text][\/vc_column_inner][vc_column_inner width=&#8221;1\/2&#8243;][vc_single_image image=&#8221;2499&#8243; img_size=&#8221;full&#8221; style=&#8221;vc_box_shadow_3d&#8221; onclick=&#8221;zoom&#8221; css_animation=&#8221;slideInRight&#8221;][\/vc_column_inner][\/vc_row_inner][\/vc_tta_section][vc_tta_section title=&#8221;2000-2010&#8243; tab_id=&#8221;1485924972893-fd675f51-da7e&#8221;][vc_row_inner][vc_column_inner width=&#8221;1\/2&#8243;][vc_column_text]<\/p>\n<h2><strong>2003\/2004<\/strong><\/h2>\n<blockquote>\n<p>Zaj\u0119cie I miejsca w lidze okr\u0119gowej i awans do IV ligi pod wodz\u0105 trenera &#8211; Roberta Stanka.<\/p>\n<\/blockquote>\n<h2><strong>2005\/2006<\/strong><\/h2>\n<blockquote>\n<p>Zdobycie Pucharu Polski podokr\u0119gu sosnowieckiego.<\/p>\n<\/blockquote>\n<h2><strong>2006\/2007<\/strong><\/h2>\n<blockquote>\n<p>Zdobycie Pucharu Polski podokr\u0119gu sosnowieckiego.<\/p>\n<\/blockquote>\n<h2><strong>2008\/2009<\/strong><\/h2>\n<blockquote>\n<p>Zdobycie Pucharu Polski podokr\u0119gu sosnowieckiego.<\/p>\n<\/blockquote>\n<h2><strong>2009\/2010<\/strong><\/h2>\n<blockquote>\n<p>II miejsce w IV lidze<\/p>\n<\/blockquote>\n<p>[\/vc_column_text][\/vc_column_inner][vc_column_inner width=&#8221;1\/2&#8243;][vc_single_image image=&#8221;2500&#8243; img_size=&#8221;full&#8221; style=&#8221;vc_box_shadow_3d&#8221; onclick=&#8221;zoom&#8221; css_animation=&#8221;slideInRight&#8221;][\/vc_column_inner][\/vc_row_inner][\/vc_tta_section][vc_tta_section title=&#8221;2010-2017&#8243; tab_id=&#8221;1485924972010-a210cfe3-6990&#8243;][vc_row_inner][vc_column_inner width=&#8221;1\/2&#8243;][vc_column_text]<\/p>\n<h2><strong>2011\/2012<\/strong><\/h2>\n<blockquote>\n<p>Sarmacja zdobywa sw\u00f3j sz\u00f3sty Puchar polski podokr\u0119gu sosnowieckiego.<\/p>\n<\/blockquote>\n<h2><strong>2012\/2013 <\/strong><\/h2>\n<blockquote>\n<p>Zdobycie si\u00f3dmego trofeum Pucharu Polski podokr\u0119gu sosnowieckiego.<\/p>\n<\/blockquote>\n<h2><strong>2013\/2014 <\/strong><\/h2>\n<blockquote>\n<p>Zdobycie \u00f3smego trofeum Pucharu Polski podokr\u0119gu sosnowieckiego.<\/p>\n<p>III &#8211; miejsce w IV lidze.<\/p>\n<\/blockquote>\n<h2><strong>2014\/2015<\/strong><\/h2>\n<blockquote>\n<p>III &#8211; miejsce w IV lidze.<\/p>\n<\/blockquote>\n<h2><strong>2015\/2016<\/strong><\/h2>\n<blockquote>\n<p>III &#8211; miejsce w IV lidze.<\/p>\n<\/blockquote>\n<p>[\/vc_column_text][\/vc_column_inner][vc_column_inner width=&#8221;1\/2&#8243;][vc_single_image image=&#8221;2501&#8243; img_size=&#8221;full&#8221; style=&#8221;vc_box_shadow_3d&#8221; onclick=&#8221;zoom&#8221; css_animation=&#8221;slideInRight&#8221;][\/vc_column_inner][\/vc_row_inner][\/vc_tta_section][\/vc_tta_tabs][\/vc_column][\/vc_row][vc_row][vc_column][vc_column_text]<\/p>\n<h1>Karty historii<\/h1>\n<p>[\/vc_column_text][vc_basic_grid post_type=&#8221;post&#8221; max_items=&#8221;10&#8243; order=&#8221;ASC&#8221; item=&#8221;2519&#8243; grid_id=&#8221;vc_gid:1611524783936-47a031a4-4789-4&#8243; taxonomies=&#8221;70&#8243;][\/vc_column][\/vc_row]<\/p>\n<\/div>","protected":false},"excerpt":{"rendered":"<p>[vc_row css=&#8221;.vc_custom_1485944863191{padding-bottom: 22px !important;}&#8221;][vc_column width=&#8221;2\/3&#8243;][vc_column_text] BKS SARMACJA B\u0118DZIN Rok powstania: 1917 Adres: ul. Sportowa 6, 42-500 B\u0119dzin Telefon: (32) 267-62-55[\/vc_column_text][\/vc_column][vc_column width=&#8221;1\/3&#8243;][vc_column_text css=&#8221;.vc_custom_1599778980907{margin-bottom: 30px !important;}&#8221;] [\/vc_column_text][\/vc_column][\/vc_row][vc_row full_width=&#8221;stretch_row&#8221; css=&#8221;.vc_custom_1485949846235{margin-bottom: 0px !important;padding-top: 33px !important;background-color: #ededed !important;}&#8221;][vc_column][vc_tta_tabs active_section=&#8221;1&#8243; css=&#8221;.vc_custom_1486010668022{margin-bottom: 0px !important;padding-bottom: 0px !important;}&#8221;][vc_tta_section title=&#8221;1917-1939&#8243; tab_id=&#8221;1485866491653-8c7f759d-085a&#8221;][vc_row_inner css=&#8221;.vc_custom_1486010774946{padding-bottom: 0px !important;}&#8221;][vc_column_inner width=&#8221;1\/2&#8243; css=&#8221;.vc_custom_1485947610007{padding-right: 0px !important;}&#8221;][vc_column_text] 1917 Powstanie Towarzystwa Sportowego TS \u201eSARMACJA\u201d B\u0119dzin&#8230;.<\/p>\n","protected":false},"author":1,"featured_media":0,"parent":0,"menu_order":0,"comment_status":"closed","ping_status":"closed","template":"","meta":{"footnotes":""},"class_list":["post-360","page","type-page","status-publish","hentry"],"yoast_head":"<!-- This site is optimized with the Yoast SEO plugin v25.8 - https:\/\/yoast.com\/wordpress\/plugins\/seo\/ -->\n<title>Historia klubu | BKS Sarmacja B\u0119dzin<\/title>\n<meta name=\"robots\" content=\"index, follow, max-snippet:-1, max-image-preview:large, max-video-preview:-1\" \/>\n<link rel=\"canonical\" href=\"https:\/\/sarmacjabedzin.pl\/index.php\/history-of-club\/\" \/>\n<meta property=\"og:locale\" content=\"pl_PL\" \/>\n<meta property=\"og:type\" content=\"article\" \/>\n<meta property=\"og:title\" content=\"Historia klubu | BKS Sarmacja B\u0119dzin\" \/>\n<meta property=\"og:description\" content=\"[vc_row css=&#8221;.vc_custom_1485944863191{padding-bottom: 22px !important;}&#8221;][vc_column width=&#8221;2\/3&#8243;][vc_column_text] BKS SARMACJA B\u0118DZIN Rok powstania: 1917 Adres: ul. Sportowa 6, 42-500 B\u0119dzin Telefon: (32) 267-62-55[\/vc_column_text][\/vc_column][vc_column width=&#8221;1\/3&#8243;][vc_column_text css=&#8221;.vc_custom_1599778980907{margin-bottom: 30px !important;}&#8221;] [\/vc_column_text][\/vc_column][\/vc_row][vc_row full_width=&#8221;stretch_row&#8221; css=&#8221;.vc_custom_1485949846235{margin-bottom: 0px !important;padding-top: 33px !important;background-color: #ededed !important;}&#8221;][vc_column][vc_tta_tabs active_section=&#8221;1&#8243; css=&#8221;.vc_custom_1486010668022{margin-bottom: 0px !important;padding-bottom: 0px !important;}&#8221;][vc_tta_section title=&#8221;1917-1939&#8243; tab_id=&#8221;1485866491653-8c7f759d-085a&#8221;][vc_row_inner css=&#8221;.vc_custom_1486010774946{padding-bottom: 0px !important;}&#8221;][vc_column_inner width=&#8221;1\/2&#8243; css=&#8221;.vc_custom_1485947610007{padding-right: 0px !important;}&#8221;][vc_column_text] 1917 Powstanie Towarzystwa Sportowego TS \u201eSARMACJA\u201d B\u0119dzin....\" \/>\n<meta property=\"og:url\" content=\"https:\/\/sarmacjabedzin.pl\/index.php\/history-of-club\/\" \/>\n<meta property=\"og:site_name\" content=\"BKS Sarmacja B\u0119dzin\" \/>\n<meta property=\"article:publisher\" content=\"https:\/\/www.facebook.com\/SarmacjaBedzin\" \/>\n<meta property=\"article:modified_time\" content=\"2021-01-24T21:47:16+00:00\" \/>\n<meta property=\"og:image\" content=\"http:\/\/sarmacjabedzin.pl\/wp-content\/uploads\/2020\/09\/sarmacja-1.png\" \/>\n<meta name=\"twitter:card\" content=\"summary_large_image\" \/>\n<meta name=\"twitter:label1\" content=\"Szacowany czas czytania\" \/>\n\t<meta name=\"twitter:data1\" content=\"6 minut\" \/>\n<script type=\"application\/ld+json\" class=\"yoast-schema-graph\">{\"@context\":\"https:\/\/schema.org\",\"@graph\":[{\"@type\":\"WebPage\",\"@id\":\"https:\/\/sarmacjabedzin.pl\/index.php\/history-of-club\/\",\"url\":\"https:\/\/sarmacjabedzin.pl\/index.php\/history-of-club\/\",\"name\":\"Historia klubu | BKS Sarmacja B\u0119dzin\",\"isPartOf\":{\"@id\":\"https:\/\/sarmacjabedzin.pl\/#website\"},\"primaryImageOfPage\":{\"@id\":\"https:\/\/sarmacjabedzin.pl\/index.php\/history-of-club\/#primaryimage\"},\"image\":{\"@id\":\"https:\/\/sarmacjabedzin.pl\/index.php\/history-of-club\/#primaryimage\"},\"thumbnailUrl\":\"http:\/\/sarmacjabedzin.pl\/wp-content\/uploads\/2020\/09\/sarmacja-1.png\",\"datePublished\":\"2017-01-31T13:04:49+00:00\",\"dateModified\":\"2021-01-24T21:47:16+00:00\",\"breadcrumb\":{\"@id\":\"https:\/\/sarmacjabedzin.pl\/index.php\/history-of-club\/#breadcrumb\"},\"inLanguage\":\"pl-PL\",\"potentialAction\":[{\"@type\":\"ReadAction\",\"target\":[\"https:\/\/sarmacjabedzin.pl\/index.php\/history-of-club\/\"]}]},{\"@type\":\"ImageObject\",\"inLanguage\":\"pl-PL\",\"@id\":\"https:\/\/sarmacjabedzin.pl\/index.php\/history-of-club\/#primaryimage\",\"url\":\"http:\/\/sarmacjabedzin.pl\/wp-content\/uploads\/2020\/09\/sarmacja-1.png\",\"contentUrl\":\"http:\/\/sarmacjabedzin.pl\/wp-content\/uploads\/2020\/09\/sarmacja-1.png\"},{\"@type\":\"BreadcrumbList\",\"@id\":\"https:\/\/sarmacjabedzin.pl\/index.php\/history-of-club\/#breadcrumb\",\"itemListElement\":[{\"@type\":\"ListItem\",\"position\":1,\"name\":\"Strona g\u0142\u00f3wna\",\"item\":\"https:\/\/sarmacjabedzin.pl\/\"},{\"@type\":\"ListItem\",\"position\":2,\"name\":\"Historia klubu\"}]},{\"@type\":\"WebSite\",\"@id\":\"https:\/\/sarmacjabedzin.pl\/#website\",\"url\":\"https:\/\/sarmacjabedzin.pl\/\",\"name\":\"BKS Sarmacja B\u0119dzin \u2013 Nieoficjalny serwis\",\"description\":\"Nieoficjalny serwis B\u0119dzi\u0144skiego Klubu Sportowego &quot;Sarmacja&quot;\",\"potentialAction\":[{\"@type\":\"SearchAction\",\"target\":{\"@type\":\"EntryPoint\",\"urlTemplate\":\"https:\/\/sarmacjabedzin.pl\/?s={search_term_string}\"},\"query-input\":{\"@type\":\"PropertyValueSpecification\",\"valueRequired\":true,\"valueName\":\"search_term_string\"}}],\"inLanguage\":\"pl-PL\"}]}<\/script>\n<!-- \/ Yoast SEO plugin. -->","yoast_head_json":{"title":"Historia klubu | BKS Sarmacja B\u0119dzin","robots":{"index":"index","follow":"follow","max-snippet":"max-snippet:-1","max-image-preview":"max-image-preview:large","max-video-preview":"max-video-preview:-1"},"canonical":"https:\/\/sarmacjabedzin.pl\/index.php\/history-of-club\/","og_locale":"pl_PL","og_type":"article","og_title":"Historia klubu | BKS Sarmacja B\u0119dzin","og_description":"[vc_row css=&#8221;.vc_custom_1485944863191{padding-bottom: 22px !important;}&#8221;][vc_column width=&#8221;2\/3&#8243;][vc_column_text] BKS SARMACJA B\u0118DZIN Rok powstania: 1917 Adres: ul. Sportowa 6, 42-500 B\u0119dzin Telefon: (32) 267-62-55[\/vc_column_text][\/vc_column][vc_column width=&#8221;1\/3&#8243;][vc_column_text css=&#8221;.vc_custom_1599778980907{margin-bottom: 30px !important;}&#8221;] [\/vc_column_text][\/vc_column][\/vc_row][vc_row full_width=&#8221;stretch_row&#8221; css=&#8221;.vc_custom_1485949846235{margin-bottom: 0px !important;padding-top: 33px !important;background-color: #ededed !important;}&#8221;][vc_column][vc_tta_tabs active_section=&#8221;1&#8243; css=&#8221;.vc_custom_1486010668022{margin-bottom: 0px !important;padding-bottom: 0px !important;}&#8221;][vc_tta_section title=&#8221;1917-1939&#8243; tab_id=&#8221;1485866491653-8c7f759d-085a&#8221;][vc_row_inner css=&#8221;.vc_custom_1486010774946{padding-bottom: 0px !important;}&#8221;][vc_column_inner width=&#8221;1\/2&#8243; css=&#8221;.vc_custom_1485947610007{padding-right: 0px !important;}&#8221;][vc_column_text] 1917 Powstanie Towarzystwa Sportowego TS \u201eSARMACJA\u201d B\u0119dzin....","og_url":"https:\/\/sarmacjabedzin.pl\/index.php\/history-of-club\/","og_site_name":"BKS Sarmacja B\u0119dzin","article_publisher":"https:\/\/www.facebook.com\/SarmacjaBedzin","article_modified_time":"2021-01-24T21:47:16+00:00","og_image":[{"url":"http:\/\/sarmacjabedzin.pl\/wp-content\/uploads\/2020\/09\/sarmacja-1.png","type":"","width":"","height":""}],"twitter_card":"summary_large_image","twitter_misc":{"Szacowany czas czytania":"6 minut"},"schema":{"@context":"https:\/\/schema.org","@graph":[{"@type":"WebPage","@id":"https:\/\/sarmacjabedzin.pl\/index.php\/history-of-club\/","url":"https:\/\/sarmacjabedzin.pl\/index.php\/history-of-club\/","name":"Historia klubu | BKS Sarmacja B\u0119dzin","isPartOf":{"@id":"https:\/\/sarmacjabedzin.pl\/#website"},"primaryImageOfPage":{"@id":"https:\/\/sarmacjabedzin.pl\/index.php\/history-of-club\/#primaryimage"},"image":{"@id":"https:\/\/sarmacjabedzin.pl\/index.php\/history-of-club\/#primaryimage"},"thumbnailUrl":"http:\/\/sarmacjabedzin.pl\/wp-content\/uploads\/2020\/09\/sarmacja-1.png","datePublished":"2017-01-31T13:04:49+00:00","dateModified":"2021-01-24T21:47:16+00:00","breadcrumb":{"@id":"https:\/\/sarmacjabedzin.pl\/index.php\/history-of-club\/#breadcrumb"},"inLanguage":"pl-PL","potentialAction":[{"@type":"ReadAction","target":["https:\/\/sarmacjabedzin.pl\/index.php\/history-of-club\/"]}]},{"@type":"ImageObject","inLanguage":"pl-PL","@id":"https:\/\/sarmacjabedzin.pl\/index.php\/history-of-club\/#primaryimage","url":"http:\/\/sarmacjabedzin.pl\/wp-content\/uploads\/2020\/09\/sarmacja-1.png","contentUrl":"http:\/\/sarmacjabedzin.pl\/wp-content\/uploads\/2020\/09\/sarmacja-1.png"},{"@type":"BreadcrumbList","@id":"https:\/\/sarmacjabedzin.pl\/index.php\/history-of-club\/#breadcrumb","itemListElement":[{"@type":"ListItem","position":1,"name":"Strona g\u0142\u00f3wna","item":"https:\/\/sarmacjabedzin.pl\/"},{"@type":"ListItem","position":2,"name":"Historia klubu"}]},{"@type":"WebSite","@id":"https:\/\/sarmacjabedzin.pl\/#website","url":"https:\/\/sarmacjabedzin.pl\/","name":"BKS Sarmacja B\u0119dzin \u2013 Nieoficjalny serwis","description":"Nieoficjalny serwis B\u0119dzi\u0144skiego Klubu Sportowego &quot;Sarmacja&quot;","potentialAction":[{"@type":"SearchAction","target":{"@type":"EntryPoint","urlTemplate":"https:\/\/sarmacjabedzin.pl\/?s={search_term_string}"},"query-input":{"@type":"PropertyValueSpecification","valueRequired":true,"valueName":"search_term_string"}}],"inLanguage":"pl-PL"}]}},"rttpg_featured_image_url":null,"rttpg_author":{"display_name":"tyrtak","author_link":false},"rttpg_comment":0,"rttpg_category":null,"rttpg_excerpt":"[vc_row css=&#8221;.vc_custom_1485944863191{padding-bottom: 22px !important;}&#8221;][vc_column width=&#8221;2\/3&#8243;][vc_column_text] BKS SARMACJA B\u0118DZIN Rok powstania: 1917 Adres: ul. Sportowa 6, 42-500 B\u0119dzin Telefon: (32) 267-62-55[\/vc_column_text][\/vc_column][vc_column width=&#8221;1\/3&#8243;][vc_column_text css=&#8221;.vc_custom_1599778980907{margin-bottom: 30px !important;}&#8221;] [\/vc_column_text][\/vc_column][\/vc_row][vc_row full_width=&#8221;stretch_row&#8221; css=&#8221;.vc_custom_1485949846235{margin-bottom: 0px !important;padding-top: 33px !important;background-color: #ededed !important;}&#8221;][vc_column][vc_tta_tabs active_section=&#8221;1&#8243; css=&#8221;.vc_custom_1486010668022{margin-bottom: 0px !important;padding-bottom: 0px !important;}&#8221;][vc_tta_section title=&#8221;1917-1939&#8243; tab_id=&#8221;1485866491653-8c7f759d-085a&#8221;][vc_row_inner css=&#8221;.vc_custom_1486010774946{padding-bottom: 0px !important;}&#8221;][vc_column_inner width=&#8221;1\/2&#8243; css=&#8221;.vc_custom_1485947610007{padding-right: 0px !important;}&#8221;][vc_column_text] 1917 Powstanie Towarzystwa Sportowego TS \u201eSARMACJA\u201d B\u0119dzin....","_links":{"self":[{"href":"https:\/\/sarmacjabedzin.pl\/index.php\/wp-json\/wp\/v2\/pages\/360","targetHints":{"allow":["GET"]}}],"collection":[{"href":"https:\/\/sarmacjabedzin.pl\/index.php\/wp-json\/wp\/v2\/pages"}],"about":[{"href":"https:\/\/sarmacjabedzin.pl\/index.php\/wp-json\/wp\/v2\/types\/page"}],"author":[{"embeddable":true,"href":"https:\/\/sarmacjabedzin.pl\/index.php\/wp-json\/wp\/v2\/users\/1"}],"replies":[{"embeddable":true,"href":"https:\/\/sarmacjabedzin.pl\/index.php\/wp-json\/wp\/v2\/comments?post=360"}],"version-history":[{"count":0,"href":"https:\/\/sarmacjabedzin.pl\/index.php\/wp-json\/wp\/v2\/pages\/360\/revisions"}],"wp:attachment":[{"href":"https:\/\/sarmacjabedzin.pl\/index.php\/wp-json\/wp\/v2\/media?parent=360"}],"curies":[{"name":"wp","href":"https:\/\/api.w.org\/{rel}","templated":true}]}}